{"id":4215,"date":"2025-04-13T12:00:38","date_gmt":"2025-04-13T05:00:38","guid":{"rendered":"https:\/\/eventistax.com\/?page_id=4215"},"modified":"2025-05-29T16:40:16","modified_gmt":"2025-05-29T09:40:16","slug":"term","status":"publish","type":"page","link":"https:\/\/eventistax.com\/vi\/term\/","title":{"rendered":"Term"},"content":{"rendered":"\t\t<div data-elementor-type=\"wp-page\" data-elementor-id=\"4215\" class=\"elementor elementor-4215\" data-elementor-post-type=\"page\">\n\t\t\t\t<div class=\"has_ae_slider elementor-element elementor-element-9d60615 e-flex e-con-boxed ae-bg-gallery-type-default e-con e-parent\" data-id=\"9d60615\" data-element_type=\"container\" data-settings=\"{&quot;background_background&quot;:&quot;classic&quot;,&quot;content_width&quot;:&quot;boxed&quot;}\" data-core-v316-plus=\"true\">\n\t\t\t\t\t<div class=\"e-con-inner\">\n\t\t\t\t<div class=\"elementor-element elementor-element-133ea62 elementor-widget elementor-widget-heading\" data-id=\"133ea62\" data-element_type=\"widget\" data-widget_type=\"heading.default\">\n\t\t\t\t<div class=\"elementor-widget-container\">\n\t\t\t<style>\/*! elementor - v3.19.0 - 28-02-2024 *\/\n.elementor-heading-title{padding:0;margin:0;line-height:1}.elementor-widget-heading .elementor-heading-title[class*=elementor-size-]>a{color:inherit;font-size:inherit;line-height:inherit}.elementor-widget-heading .elementor-heading-title.elementor-size-small{font-size:15px}.elementor-widget-heading .elementor-heading-title.elementor-size-medium{font-size:19px}.elementor-widget-heading .elementor-heading-title.elementor-size-large{font-size:29px}.elementor-widget-heading .elementor-heading-title.elementor-size-xl{font-size:39px}.elementor-widget-heading .elementor-heading-title.elementor-size-xxl{font-size:59px}<\/style><h1 class=\"elementor-heading-title elementor-size-default\">QUY \u0110\u1ecaNH THAM D\u1ef0 CH\u01af\u01a0NG TR\u00ccNH \/ RULES AND REGULATIONS<\/h1>\t\t<\/div>\n\t\t\t\t<\/div>\n\t\t<div class=\"has_ae_slider elementor-element elementor-element-e4bdaad e-flex e-con-boxed ae-bg-gallery-type-default e-con e-child\" data-id=\"e4bdaad\" data-element_type=\"container\" data-settings=\"{&quot;content_width&quot;:&quot;boxed&quot;}\">\n\t\t\t\t\t<div class=\"e-con-inner\">\n\t\t<div class=\"has_ae_slider elementor-element elementor-element-6995fb3 e-con-full e-flex ae-bg-gallery-type-default e-con e-child\" data-id=\"6995fb3\" data-element_type=\"container\" data-settings=\"{&quot;content_width&quot;:&quot;full&quot;}\">\n\t\t\t\t<div class=\"elementor-element elementor-element-2049d75 cts-faq elementor-widget elementor-widget-accordion\" data-id=\"2049d75\" data-element_type=\"widget\" data-widget_type=\"accordion.default\">\n\t\t\t\t<div class=\"elementor-widget-container\">\n\t\t\t<style>\/*! elementor - v3.19.0 - 28-02-2024 *\/\n.elementor-accordion{text-align:left}.elementor-accordion .elementor-accordion-item{border:1px solid #d5d8dc}.elementor-accordion .elementor-accordion-item+.elementor-accordion-item{border-top:none}.elementor-accordion .elementor-tab-title{margin:0;padding:15px 20px;font-weight:700;line-height:1;cursor:pointer;outline:none}.elementor-accordion .elementor-tab-title .elementor-accordion-icon{display:inline-block;width:1.5em}.elementor-accordion .elementor-tab-title .elementor-accordion-icon svg{width:1em;height:1em}.elementor-accordion .elementor-tab-title .elementor-accordion-icon.elementor-accordion-icon-right{float:right;text-align:right}.elementor-accordion .elementor-tab-title .elementor-accordion-icon.elementor-accordion-icon-left{float:left;text-align:left}.elementor-accordion .elementor-tab-title .elementor-accordion-icon .elementor-accordion-icon-closed{display:block}.elementor-accordion .elementor-tab-title .elementor-accordion-icon .elementor-accordion-icon-opened,.elementor-accordion .elementor-tab-title.elementor-active .elementor-accordion-icon-closed{display:none}.elementor-accordion .elementor-tab-title.elementor-active .elementor-accordion-icon-opened{display:block}.elementor-accordion .elementor-tab-content{display:none;padding:15px 20px;border-top:1px solid #d5d8dc}@media (max-width:767px){.elementor-accordion .elementor-tab-title{padding:12px 15px}.elementor-accordion .elementor-tab-title .elementor-accordion-icon{width:1.2em}.elementor-accordion .elementor-tab-content{padding:7px 15px}}.e-con-inner>.elementor-widget-accordion,.e-con>.elementor-widget-accordion{width:var(--container-widget-width);--flex-grow:var(--container-widget-flex-grow)}<\/style>\t\t<div class=\"elementor-accordion\">\n\t\t\t\t\t\t\t<div class=\"elementor-accordion-item\">\n\t\t\t\t\t<div id=\"elementor-tab-title-3381\" class=\"elementor-tab-title\" data-tab=\"1\" role=\"button\" aria-controls=\"elementor-tab-content-3381\" aria-expanded=\"false\">\n\t\t\t\t\t\t\t\t\t\t\t\t\t<span class=\"elementor-accordion-icon elementor-accordion-icon-right\" aria-hidden=\"true\">\n\t\t\t\t\t\t\t\t\t\t\t\t\t\t\t<span class=\"elementor-accordion-icon-closed\"><svg class=\"e-font-icon-svg e-fas-plus\" viewBox=\"0 0 448 512\" xmlns=\"http:\/\/www.w3.org\/2000\/svg\"><path d=\"M416 208H272V64c0-17.67-14.33-32-32-32h-32c-17.67 0-32 14.33-32 32v144H32c-17.67 0-32 14.33-32 32v32c0 17.67 14.33 32 32 32h144v144c0 17.67 14.33 32 32 32h32c17.67 0 32-14.33 32-32V304h144c17.67 0 32-14.33 32-32v-32c0-17.67-14.33-32-32-32z\"><\/path><\/svg><\/span>\n\t\t\t\t\t\t\t\t<span class=\"elementor-accordion-icon-opened\"><svg class=\"e-font-icon-svg e-fas-minus\" viewBox=\"0 0 448 512\" xmlns=\"http:\/\/www.w3.org\/2000\/svg\"><path d=\"M416 208H32c-17.67 0-32 14.33-32 32v32c0 17.67 14.33 32 32 32h384c17.67 0 32-14.33 32-32v-32c0-17.67-14.33-32-32-32z\"><\/path><\/svg><\/span>\n\t\t\t\t\t\t\t\t\t\t\t\t\t\t<\/span>\n\t\t\t\t\t\t\t\t\t\t\t\t<a class=\"elementor-accordion-title\" tabindex=\"0\">I. TH\u00d4NG TIN CHUNG \/ GENERAL INFORMATION<\/a>\n\t\t\t\t\t<\/div>\n\t\t\t\t\t<div id=\"elementor-tab-content-3381\" class=\"elementor-tab-content elementor-clearfix\" data-tab=\"1\" role=\"region\" aria-labelledby=\"elementor-tab-title-3381\"><p>1. Gi\u00e1 v\u00e9 \u0111\u00e3 bao g\u1ed3m d\u1ecbch v\u1ee5 di chuy\u1ec3n kh\u1ee9 h\u1ed3i t\u1eeb \u0110\u1ea5t li\u1ec1n \u0111\u1ebfn \u0110\u1ea3o Tr\u00ed Nguy\u00ean.<\/p><p><em>Ticket includes round-trip boat transfer to Tri Nguyen Island.<\/em><\/p><p>\u00a0<\/p><p>2. Qu\u00fd kh\u00e1ch vui l\u00f2ng c\u00f3 m\u1eb7t t\u1ea1i B\u1ebfn t\u00e0u du l\u1ecbch Nha Trang \u00edt nh\u1ea5t 2 ti\u1ebfng tr\u01b0\u1edbc gi\u1edd di\u1ec5n \u0111\u1ec3 l\u00e0m th\u1ee7 t\u1ee5c check-in. Sau 18:00, t\u1ea5t c\u1ea3 ph\u01b0\u01a1ng ti\u1ec7n ra \u0111\u1ea3o ph\u1ee5c v\u1ee5 tham d\u1ef1 ch\u01b0\u01a1ng tr\u00ecnh s\u1ebd ng\u1eebng ho\u1ea1t \u0111\u1ed9ng.<\/p><p><em>Please arrive at Nha Trang Tourist Pier at least 2 hours before showtime for check-in procedures. After 18:00, all transportation to the island for the event will be suspended.<\/em><\/p><p>\u00a0<\/p><p>3. T\u00e0u kh\u1edfi h\u00e0nh theo c\u00e1c khung gi\u1edd quy \u0111\u1ecbnh. Vui l\u00f2ng ki\u1ec3m tra email \u0111\u1ec3 bi\u1ebft th\u1eddi gian c\u1ee5 th\u1ec3. Boats depart according to scheduled time slots.<\/p><p><em>Please check your email for the exact departure time.<\/em><\/p><p>\u00a0<\/p><p>4. Trang ph\u1ee5c sang tr\u1ecdng, ph\u00f9 h\u1ee3p kh\u00f4ng gian s\u1ef1 ki\u1ec7n v\u00e0 di chuy\u1ec3n b\u1eb1ng cano.<\/p><p><em>Elegant attire required, suitable for the event and canoe transfer.<\/em><\/p><p>\u00a0<\/p><p>5. V\u00e9 s\u1ebd \u0111\u01b0\u1ee3c ki\u1ec3m tra 2 l\u1ea7n: t\u1ea1i B\u1ebfn t\u00e0u Nha Trang v\u00e0 t\u1ea1i Paradise Resort \u2013 \u0110\u1ea3o Tr\u00ed Nguy\u00ean. Vui l\u00f2ng gi\u1eef v\u00e9 c\u1ea9n th\u1eadn su\u1ed1t th\u1eddi gian tham d\u1ef1.<\/p><p><em>Tickets will be checked at the pier and resort. Keep it with you throughout the event.<\/em><\/p><p>\u00a0<\/p><p>6. V\u00e9 c\u00f3 ghi ch\u00fa \u201cV\u00c9 M\u1edcI\u201d kh\u00f4ng \u0111\u01b0\u1ee3c mua b\u00e1n, chuy\u1ec3n nh\u01b0\u1ee3ng. M\u1ecdi h\u00e0nh vi vi ph\u1ea1m c\u00f3 th\u1ec3 d\u1eabn \u0111\u1ebfn h\u1ee7y v\u00e9 v\u00e0 t\u1eeb ch\u1ed1i tham d\u1ef1.<\/p><p><em>\u201cCOMPLIMENTARY\u201d tickets are non-transferable. Violations may void the ticket.<\/em><\/p><p>\u00a0<\/p><p>7. S\u1ef1 ki\u1ec7n ghi h\u00ecnh kh\u00f4ng ph\u1ee5c v\u1ee5 tr\u1ebb em d\u01b0\u1edbi 6 tu\u1ed5i. Tr\u1ebb t\u1eeb 6 tu\u1ed5i tr\u1edf l\u00ean c\u1ea7n c\u00f3 v\u00e9 h\u1ee3p l\u1ec7.<\/p><p><em>No children under 6. Ages 6+ must hold a valid ticket.<\/em><\/p><p>\u00a0<\/p><p>8. Kh\u00f4ng mang theo v\u0169 kh\u00ed, ch\u1ea5t ch\u00e1y n\u1ed5, v\u1eadt s\u1eafc nh\u1ecdn, th\u1ee9c \u0103n, n\u01b0\u1edbc u\u1ed1ng, chai nh\u1ef1a, t\u00fai nilon.<\/p><p><em>No weapons, flammables, food, drinks, plastic bottles or bags allowed.<\/em><\/p><p>\u00a0<\/p><p>9. Qu\u00fd kh\u00e1ch \u0111\u1ebfn sau th\u1eddi gian quy \u0111\u1ecbnh s\u1ebd \u0111\u01b0\u1ee3c Ban T\u1ed5 ch\u1ee9c s\u1eafp x\u1ebfp ch\u1ed7 ng\u1ed3i ph\u00f9 h\u1ee3p. Ban T\u1ed5 Ch\u1ee9c c\u00f3 quy\u1ec1n t\u1eeb ch\u1ed1i ph\u1ee5c v\u1ee5 n\u1ebfu kh\u00e1ch vi ph\u1ea1m quy \u0111\u1ecbnh.<\/p><p><em>Late arrivals will be seated if possible. Entry may be denied for violations.<\/em><\/p><\/div>\n\t\t\t\t<\/div>\n\t\t\t\t\t\t\t<div class=\"elementor-accordion-item\">\n\t\t\t\t\t<div id=\"elementor-tab-title-3382\" class=\"elementor-tab-title\" data-tab=\"2\" role=\"button\" aria-controls=\"elementor-tab-content-3382\" aria-expanded=\"false\">\n\t\t\t\t\t\t\t\t\t\t\t\t\t<span class=\"elementor-accordion-icon elementor-accordion-icon-right\" aria-hidden=\"true\">\n\t\t\t\t\t\t\t\t\t\t\t\t\t\t\t<span class=\"elementor-accordion-icon-closed\"><svg class=\"e-font-icon-svg e-fas-plus\" viewBox=\"0 0 448 512\" xmlns=\"http:\/\/www.w3.org\/2000\/svg\"><path d=\"M416 208H272V64c0-17.67-14.33-32-32-32h-32c-17.67 0-32 14.33-32 32v144H32c-17.67 0-32 14.33-32 32v32c0 17.67 14.33 32 32 32h144v144c0 17.67 14.33 32 32 32h32c17.67 0 32-14.33 32-32V304h144c17.67 0 32-14.33 32-32v-32c0-17.67-14.33-32-32-32z\"><\/path><\/svg><\/span>\n\t\t\t\t\t\t\t\t<span class=\"elementor-accordion-icon-opened\"><svg class=\"e-font-icon-svg e-fas-minus\" viewBox=\"0 0 448 512\" xmlns=\"http:\/\/www.w3.org\/2000\/svg\"><path d=\"M416 208H32c-17.67 0-32 14.33-32 32v32c0 17.67 14.33 32 32 32h384c17.67 0 32-14.33 32-32v-32c0-17.67-14.33-32-32-32z\"><\/path><\/svg><\/span>\n\t\t\t\t\t\t\t\t\t\t\t\t\t\t<\/span>\n\t\t\t\t\t\t\t\t\t\t\t\t<a class=\"elementor-accordion-title\" tabindex=\"0\">II. L\u01afU \u00dd \u0110\u1eb6C BI\u1ec6T \/ SPECIAL NOTICE<\/a>\n\t\t\t\t\t<\/div>\n\t\t\t\t\t<div id=\"elementor-tab-content-3382\" class=\"elementor-tab-content elementor-clearfix\" data-tab=\"2\" role=\"region\" aria-labelledby=\"elementor-tab-title-3382\"><p>1. Qu\u00fd kh\u00e1ch vui l\u00f2ng m\u1eb7c \u00e1o phao khi l\u00ean t\u00e0u v\u00e0 tu\u00e2n th\u1ee7 h\u01b0\u1edbng d\u1eabn c\u1ee7a nh\u00e2n vi\u00ean.<\/p><p><em>Life jackets must be worn on board. Please follow staff instructions at all times.<\/em><\/p><p>\u00a0<\/p><p>2. Kh\u00f4ng t\u1ef1 \u00fd r\u1eddi \u0111\u1ea3o gi\u1eefa s\u1ef1 ki\u1ec7n, tr\u1eeb tr\u01b0\u1eddng h\u1ee3p kh\u1ea9n c\u1ea5p c\u00f3 s\u1ef1 \u0111\u1ed3ng \u00fd t\u1eeb Ban T\u1ed5 Ch\u1ee9c.<\/p><p><em>No mid &#8211; event return unless approved by the Organizer in emergency cases.<\/em><\/p><p>\u00a0<\/p><p>3. T\u1eeb 16:00 \u2013 19:00, kh\u00e1ch c\u00f3 th\u1ec3 tham quan, tr\u1ea3i nghi\u1ec7m d\u1ecbch v\u1ee5 t\u1ea1i Paradise Resort tr\u01b0\u1edbc gi\u1edd di\u1ec5n.<\/p><p><em>Guests may enjoy the resort\u2019s services from 4:00 PM to 7:00 PM before the show.<\/em><\/p><\/div>\n\t\t\t\t<\/div>\n\t\t\t\t\t\t\t\t<\/div>\n\t\t\t\t<\/div>\n\t\t\t\t<\/div>\n\t\t\t\t<\/div>\n\t\t\t\t\t<\/div>\n\t\t\t\t<\/div>\n\t\t\t\t\t<\/div>\n\t\t\t\t<\/div>\n\t\t\t\t<\/div>\n\t\t","protected":false},"excerpt":{"rendered":"<p>QUY \u0110\u1ecaNH THAM D\u1ef0 CH\u01af\u01a0NG TR\u00ccNH \/ RULES AND REGULATIONS I. TH\u00d4NG TIN CHUNG \/ GENERAL INFORMATION 1. Gi\u00e1 v\u00e9 \u0111\u00e3 bao g\u1ed3m d\u1ecbch v\u1ee5 di chuy\u1ec3n kh\u1ee9 h\u1ed3i t\u1eeb \u0110\u1ea5t li\u1ec1n \u0111\u1ebfn \u0110\u1ea3o Tr\u00ed Nguy\u00ean. Ticket includes round-trip boat transfer to Tri Nguyen Island. \u00a0 2. Qu\u00fd kh\u00e1ch vui l\u00f2ng c\u00f3 m\u1eb7t t\u1ea1i B\u1ebfn [&hellip;]<\/p>\n","protected":false},"author":2,"featured_media":0,"parent":0,"menu_order":0,"comment_status":"closed","ping_status":"closed","template":"elementor_header_footer","meta":{"footnotes":""},"class_list":["post-4215","page","type-page","status-publish","hentry"],"acf":[],"_links":{"self":[{"href":"https:\/\/eventistax.com\/vi\/wp-json\/wp\/v2\/pages\/4215","targetHints":{"allow":["GET"]}}],"collection":[{"href":"https:\/\/eventistax.com\/vi\/wp-json\/wp\/v2\/pages"}],"about":[{"href":"https:\/\/eventistax.com\/vi\/wp-json\/wp\/v2\/types\/page"}],"author":[{"embeddable":true,"href":"https:\/\/eventistax.com\/vi\/wp-json\/wp\/v2\/users\/2"}],"replies":[{"embeddable":true,"href":"https:\/\/eventistax.com\/vi\/wp-json\/wp\/v2\/comments?post=4215"}],"version-history":[{"count":7,"href":"https:\/\/eventistax.com\/vi\/wp-json\/wp\/v2\/pages\/4215\/revisions"}],"predecessor-version":[{"id":4224,"href":"https:\/\/eventistax.com\/vi\/wp-json\/wp\/v2\/pages\/4215\/revisions\/4224"}],"wp:attachment":[{"href":"https:\/\/eventistax.com\/vi\/wp-json\/wp\/v2\/media?parent=4215"}],"curies":[{"name":"wp","href":"https:\/\/api.w.org\/{rel}","templated":true}]}}